{"id":8299,"date":"2022-12-23T13:20:47","date_gmt":"2022-12-23T12:20:47","guid":{"rendered":"https:\/\/check.calarosa.org\/?page_id=8299"},"modified":"2023-01-11T13:40:21","modified_gmt":"2023-01-11T12:40:21","slug":"crowdfunding","status":"publish","type":"page","link":"https:\/\/check.calarosa.org\/en\/crowdfunding\/","title":{"rendered":"Crowdfunding"},"content":{"rendered":"<p>[et_pb_section fb_built=&#8221;1&#8243; _builder_version=&#8221;4.19.3&#8243; _module_preset=&#8221;default&#8221; custom_padding=&#8221;0px||4px||false|false&#8221; locked=&#8221;off&#8221; global_colors_info=&#8221;{}&#8221;][et_pb_row _builder_version=&#8221;4.19.2&#8243; _module_preset=&#8221;default&#8221; custom_padding=&#8221;0px||||false|false&#8221; global_colors_info=&#8221;{}&#8221;][et_pb_column type=&#8221;4_4&#8243; _builder_version=&#8221;4.19.2&#8243; _module_preset=&#8221;default&#8221; global_colors_info=&#8221;{}&#8221;][et_pb_image src=&#8221;https:\/\/check.calarosa.org\/wp-content\/uploads\/2022\/12\/5-CROWFUNDING.png&#8221; alt=&#8221;5-CROWFUNDING&#8221; title_text=&#8221;5-CROWFUNDING&#8221; _builder_version=&#8221;4.19.3&#8243; _module_preset=&#8221;default&#8221; custom_padding=&#8221;30px||||false|false&#8221; global_colors_info=&#8221;{}&#8221;][\/et_pb_image][\/et_pb_column][\/et_pb_row][\/et_pb_section][et_pb_section fb_built=&#8221;1&#8243; _builder_version=&#8221;4.16&#8243; _module_preset=&#8221;default&#8221; custom_padding=&#8221;||4px|||&#8221; locked=&#8221;off&#8221; global_colors_info=&#8221;{}&#8221;][et_pb_row _builder_version=&#8221;4.16&#8243; _module_preset=&#8221;default&#8221; custom_padding=&#8221;0px||||false|false&#8221; locked=&#8221;off&#8221; global_colors_info=&#8221;{}&#8221;][et_pb_column type=&#8221;4_4&#8243; _builder_version=&#8221;4.16&#8243; _module_preset=&#8221;default&#8221; global_colors_info=&#8221;{}&#8221;][et_pb_text _builder_version=&#8221;4.19.4&#8243; _module_preset=&#8221;default&#8221; text_font=&#8221;|300|||||||&#8221; header_2_font=&#8221;Roboto|300|||||||&#8221; header_2_text_color=&#8221;#383838&#8243; header_2_font_size=&#8221;40px&#8221; custom_margin=&#8221;||0px||false|false&#8221; global_colors_info=&#8221;{}&#8221;]<\/p>\n<div class=\"wpb_text_column wpb_content_element \">\n<div class=\"wpb_wrapper\">\n<div class=\"vc_row wpb_row vc_row-fluid\">\n<div class=\"wpb_column vc_column_container vc_col-sm-12\">\n<div class=\"vc_column-inner\">\n<div class=\"wpb_wrapper\">\n<div class=\"wpb_text_column wpb_content_element \">\n<div class=\"wpb_wrapper\">\n<h2><strong>CROWDFUNDING<\/strong> CAMPAIGN<\/h2>\n<\/div>\n<\/div>\n<\/div>\n<\/div>\n<\/div>\n<\/div>\n<\/div>\n<\/div>\n<div class=\"vc_separator wpb_content_element vc_separator_align_center vc_sep_width_100 vc_sep_border_width_10 vc_sep_pos_align_center vc_separator_no_text vc_sep_color_white\"><\/div>\n<div id=\"gtx-trans\" style=\"position: absolute; left: 114px; top: -4.09375px;\">\n<div class=\"gtx-trans-icon\"><\/div>\n<\/div>\n<p>[\/et_pb_text][et_pb_divider color=&#8221;#fdb467&#8243; divider_position=&#8221;center&#8221; divider_weight=&#8221;3px&#8221; _builder_version=&#8221;4.16&#8243; _module_preset=&#8221;default&#8221; max_width=&#8221;50px&#8221; module_alignment=&#8221;left&#8221; animation_style=&#8221;slide&#8221; animation_direction=&#8221;top&#8221; animation_intensity_slide=&#8221;10%&#8221; animation_starting_opacity=&#8221;100%&#8221; locked=&#8221;off&#8221; global_colors_info=&#8221;{}&#8221;][\/et_pb_divider][et_pb_text _builder_version=&#8221;4.19.3&#8243; _module_preset=&#8221;default&#8221; text_font=&#8221;Poppins|600|||||||&#8221; text_font_size=&#8221;20px&#8221; text_line_height=&#8221;1.6em&#8221; custom_margin=&#8221;||||false|false&#8221; locked=&#8221;off&#8221; global_colors_info=&#8221;{}&#8221;]<\/p>\n<p><span style=\"color: #333333;\"><span>CA LA ROSA is a project that pursues a cultural benefit and the recognition of artists so that they can develop their craft. To start it all up we need enthusiasm, dedication and also funding.<\/span><\/span><\/p>\n<p>[\/et_pb_text][\/et_pb_column][\/et_pb_row][et_pb_row column_structure=&#8221;1_2,1_2&#8243; _builder_version=&#8221;4.19.3&#8243; _module_preset=&#8221;default&#8221; custom_padding=&#8221;||32px||false|false&#8221; global_colors_info=&#8221;{}&#8221;][et_pb_column type=&#8221;1_2&#8243; _builder_version=&#8221;4.16&#8243; _module_preset=&#8221;default&#8221; global_colors_info=&#8221;{}&#8221;][et_pb_text _builder_version=&#8221;4.19.4&#8243; _module_preset=&#8221;default&#8221; text_font=&#8221;Poppins|300|||||||&#8221; text_font_size=&#8221;16px&#8221; text_line_height=&#8221;1.8em&#8221; width=&#8221;96%&#8221; max_width=&#8221;100%&#8221; custom_margin=&#8221;||||false|false&#8221; global_colors_info=&#8221;{}&#8221;]<\/p>\n<p><span style=\"color: #333333;\">To begin the necessary funding of this non-profit project we will carry out a <strong>crowdfunding or sponsorship project<\/strong>.<\/span><\/p>\n<p><span style=\"color: #333333;\">With the sponsorship we want to achieve two objectives at the same time:<\/span><\/p>\n<ul>\n<li><span style=\"color: #333333;\"><strong>To get the collaboration of individuals interested in art and in our project and to involve them in the whole process.<\/strong><\/span><\/li>\n<\/ul>\n<p>&nbsp;<\/p>\n<p>[\/et_pb_text][\/et_pb_column][et_pb_column type=&#8221;1_2&#8243; _builder_version=&#8221;4.16&#8243; _module_preset=&#8221;default&#8221; global_colors_info=&#8221;{}&#8221;][et_pb_text _builder_version=&#8221;4.16&#8243; _module_preset=&#8221;default&#8221; text_font=&#8221;Poppins|300|||||||&#8221; text_font_size=&#8221;16px&#8221; text_line_height=&#8221;1.8em&#8221; width=&#8221;96%&#8221; max_width=&#8221;100%&#8221; custom_margin=&#8221;||||false|false&#8221; global_colors_info=&#8221;{}&#8221;]<\/p>\n<ul>\n<li><span style=\"color: #333333;\"><strong>Raise funds to be able to kick off the project and to plan the final phase with greater guarantees for our potential sponsors or collaborators.<\/strong><\/span><\/li>\n<\/ul>\n<p><span style=\"color: #333333;\">We believe that the campaign has the potential to reach many people, which will guarantee a good initial diffusion of the project.<\/span><\/p>\n<p>[\/et_pb_text][\/et_pb_column][\/et_pb_row][et_pb_row _builder_version=&#8221;4.19.3&#8243; _module_preset=&#8221;default&#8221; custom_padding=&#8221;||15px|||&#8221; global_colors_info=&#8221;{}&#8221;][et_pb_column type=&#8221;4_4&#8243; _builder_version=&#8221;4.19.3&#8243; _module_preset=&#8221;default&#8221; global_colors_info=&#8221;{}&#8221;][et_pb_text _builder_version=&#8221;4.19.4&#8243; _module_preset=&#8221;default&#8221; custom_margin=&#8221;||0px||false|false&#8221; custom_padding=&#8221;15px||||false|false&#8221; locked=&#8221;off&#8221; global_colors_info=&#8221;{}&#8221;]<\/p>\n<h2><strong>REWARDS\u00a0<\/strong>FOR PARTICIPANTS<\/h2>\n<p>[\/et_pb_text][et_pb_divider color=&#8221;#fdb467&#8243; divider_position=&#8221;center&#8221; divider_weight=&#8221;3px&#8221; _builder_version=&#8221;4.16&#8243; _module_preset=&#8221;default&#8221; max_width=&#8221;50px&#8221; module_alignment=&#8221;left&#8221; animation_style=&#8221;slide&#8221; animation_direction=&#8221;top&#8221; animation_intensity_slide=&#8221;10%&#8221; animation_starting_opacity=&#8221;100%&#8221; locked=&#8221;off&#8221; global_colors_info=&#8221;{}&#8221;][\/et_pb_divider][\/et_pb_column][\/et_pb_row][et_pb_row column_structure=&#8221;1_2,1_2&#8243; _builder_version=&#8221;4.16&#8243; _module_preset=&#8221;default&#8221; custom_padding=&#8221;0px||||false|false&#8221; locked=&#8221;off&#8221; global_colors_info=&#8221;{}&#8221;][et_pb_column type=&#8221;1_2&#8243; _builder_version=&#8221;4.16&#8243; _module_preset=&#8221;default&#8221; global_colors_info=&#8221;{}&#8221;][et_pb_text _builder_version=&#8221;4.19.3&#8243; _module_preset=&#8221;default&#8221; text_font=&#8221;Poppins|300|||||||&#8221; text_font_size=&#8221;16px&#8221; text_line_height=&#8221;1.8em&#8221; width=&#8221;96%&#8221; max_width=&#8221;100%&#8221; custom_margin=&#8221;||||false|false&#8221; custom_padding=&#8221;||0px|||&#8221; global_colors_info=&#8221;{}&#8221;]<\/p>\n<p><span style=\"color: #333333;\">The <strong>main reward<\/strong> for the participants\/members will be the <strong>CA LA ROSA 2022 collection<\/strong>, <strong>t-shirts designed by creators who will collaborate <\/strong>in the project. The theme of the t-shirts will be directly related to our project and its philosophy.<\/span><\/p>\n<p>[\/et_pb_text][\/et_pb_column][et_pb_column type=&#8221;1_2&#8243; _builder_version=&#8221;4.16&#8243; _module_preset=&#8221;default&#8221; global_colors_info=&#8221;{}&#8221;][et_pb_text _builder_version=&#8221;4.19.4&#8243; _module_preset=&#8221;default&#8221; text_font=&#8221;Poppins|300|||||||&#8221; text_font_size=&#8221;16px&#8221; text_line_height=&#8221;1.8em&#8221; width=&#8221;96%&#8221; max_width=&#8221;100%&#8221; custom_margin=&#8221;||||false|false&#8221; global_colors_info=&#8221;{}&#8221;]<\/p>\n<p><span style=\"color: #333333;\"><strong><em>Libro de otro<\/em> (&#8220;Another&#8217;s book&#8221;).\u00a0<\/strong><\/span><span style=\"color: #333333;\"><span>We will edit this fantastic artist&#8217;s book by <strong>Isidro Ferrer<\/strong>, with 43 illustrations printed in silkscreen in 2 flat inks. It will be a limited edition, numbered and signed by the author himself.<\/span><\/span><\/p>\n<p>[\/et_pb_text][\/et_pb_column][\/et_pb_row][et_pb_row column_structure=&#8221;1_2,1_2&#8243; _builder_version=&#8221;4.16&#8243; custom_padding=&#8221;||15px|||&#8221; global_colors_info=&#8221;{}&#8221;][et_pb_column type=&#8221;1_2&#8243; _builder_version=&#8221;4.16&#8243; custom_padding=&#8221;|||&#8221; global_colors_info=&#8221;{}&#8221; custom_padding__hover=&#8221;|||&#8221;][et_pb_image src=&#8221;https:\/\/check.calarosa.org\/wp-content\/uploads\/2020\/04\/maqueta-figura-2.jpg&#8221; alt=&#8221;maqueta-figura-check.calarosa.org&#8221; title_text=&#8221;maqueta-figura-check.calarosa.org&#8221; _builder_version=&#8221;4.16&#8243; _module_preset=&#8221;default&#8221; width=&#8221;95%&#8221; global_colors_info=&#8221;{}&#8221;][\/et_pb_image][et_pb_text _builder_version=&#8221;4.19.4&#8243; _module_preset=&#8221;default&#8221; text_font_size=&#8221;12px&#8221; header_2_text_align=&#8221;center&#8221; header_2_font_size=&#8221;1.2em&#8221; background_color=&#8221;#f2f2f2&#8243; width=&#8221;95%&#8221; custom_margin=&#8221;15px||||false|false&#8221; custom_padding=&#8221;20px||10px||false|false&#8221; global_colors_info=&#8221;{}&#8221;]<\/p>\n<h2>CA LA ROSA 2022 Collection<\/h2>\n<p>[\/et_pb_text][\/et_pb_column][et_pb_column type=&#8221;1_2&#8243; _builder_version=&#8221;4.16&#8243; custom_padding=&#8221;|||&#8221; global_colors_info=&#8221;{}&#8221; custom_padding__hover=&#8221;|||&#8221;][et_pb_image src=&#8221;https:\/\/check.calarosa.org\/wp-content\/uploads\/2021\/07\/libro-otro-isidro-ferrer-check.calarosa.org_-600&#215;600-1.jpg&#8221; title_text=&#8221;libro-otro-isidro-ferrer-check.calarosa.org_-600&#215;600&#8243; _builder_version=&#8221;4.16&#8243; _module_preset=&#8221;default&#8221; width=&#8221;95%&#8221; global_colors_info=&#8221;{}&#8221;][\/et_pb_image][et_pb_text _builder_version=&#8221;4.19.4&#8243; _module_preset=&#8221;default&#8221; text_font_size=&#8221;12px&#8221; header_2_text_align=&#8221;center&#8221; header_2_font_size=&#8221;1.2em&#8221; background_color=&#8221;#f2f2f2&#8243; width=&#8221;95%&#8221; custom_margin=&#8221;15px||||false|false&#8221; custom_padding=&#8221;20px||10px||false|false&#8221; locked=&#8221;off&#8221; global_colors_info=&#8221;{}&#8221;]<\/p>\n<h2><em>Libro de otro<\/em><\/h2>\n<p>[\/et_pb_text][\/et_pb_column][\/et_pb_row][et_pb_row _builder_version=&#8221;4.19.3&#8243; _module_preset=&#8221;default&#8221; global_colors_info=&#8221;{}&#8221;][et_pb_column type=&#8221;4_4&#8243; _builder_version=&#8221;4.19.3&#8243; _module_preset=&#8221;default&#8221; global_colors_info=&#8221;{}&#8221;][et_pb_divider show_divider=&#8221;off&#8221; _builder_version=&#8221;4.19.3&#8243; _module_preset=&#8221;default&#8221; custom_padding=&#8221;||50px|||&#8221; global_colors_info=&#8221;{}&#8221;][\/et_pb_divider][\/et_pb_column][\/et_pb_row][\/et_pb_section]<\/p>\n","protected":false},"excerpt":{"rendered":"<p>CROWDFUNDING CAMPAIGN CA LA ROSA is a project that pursues a cultural benefit and the recognition of artists so that they can develop their craft. To start it all up we need enthusiasm, dedication and also funding.To begin the necessary funding of this non-profit project we will carry out a crowdfunding or sponsorship project. With [&hellip;]<\/p>\n","protected":false},"author":2,"featured_media":0,"parent":0,"menu_order":0,"comment_status":"closed","ping_status":"closed","template":"","meta":{"_et_pb_use_builder":"on","_et_pb_old_content":"[et_pb_section fb_built=\"1\" _builder_version=\"4.19.3\" _module_preset=\"default\" custom_padding=\"0px||4px||false|false\" locked=\"off\" global_colors_info=\"{}\"][et_pb_row _builder_version=\"4.19.2\" _module_preset=\"default\" custom_padding=\"0px||||false|false\" global_colors_info=\"{}\"][et_pb_column type=\"4_4\" _builder_version=\"4.19.2\" _module_preset=\"default\" global_colors_info=\"{}\"][et_pb_image src=\"https:\/\/check.calarosa.org\/wp-content\/uploads\/2022\/12\/5-CROWFUNDING.png\" alt=\"5-CROWFUNDING\" title_text=\"5-CROWFUNDING\" _builder_version=\"4.19.3\" _module_preset=\"default\" custom_padding=\"30px||||false|false\" global_colors_info=\"{}\"][\/et_pb_image][\/et_pb_column][\/et_pb_row][\/et_pb_section][et_pb_section fb_built=\"1\" _builder_version=\"4.16\" _module_preset=\"default\" custom_padding=\"||4px|||\" locked=\"off\" global_colors_info=\"{}\"][et_pb_row _builder_version=\"4.16\" _module_preset=\"default\" custom_padding=\"0px||||false|false\" locked=\"off\" global_colors_info=\"{}\"][et_pb_column type=\"4_4\" _builder_version=\"4.16\" _module_preset=\"default\" global_colors_info=\"{}\"][et_pb_text _builder_version=\"4.19.2\" _module_preset=\"default\" text_font=\"|300|||||||\" header_2_font=\"Roboto|300|||||||\" header_2_text_color=\"#383838\" header_2_font_size=\"40px\" custom_margin=\"||0px||false|false\" global_colors_info=\"{}\"]\n<div class=\"wpb_text_column wpb_content_element \">\n<div class=\"wpb_wrapper\">\n<div class=\"vc_row wpb_row vc_row-fluid\">\n<div class=\"wpb_column vc_column_container vc_col-sm-12\">\n<div class=\"vc_column-inner\">\n<div class=\"wpb_wrapper\">\n<div class=\"wpb_text_column wpb_content_element \">\n<div class=\"wpb_wrapper\">\n<h2>CAMPANYA <strong>CROWDFUNDING<\/strong><\/h2>\n<\/div>\n<\/div>\n<\/div>\n<\/div>\n<\/div>\n<\/div>\n<\/div>\n<\/div>\n<div class=\"vc_separator wpb_content_element vc_separator_align_center vc_sep_width_100 vc_sep_border_width_10 vc_sep_pos_align_center vc_separator_no_text vc_sep_color_white\"><\/div>\n<div id=\"gtx-trans\" style=\"position: absolute; left: 114px; top: -4.09375px;\">\n<div class=\"gtx-trans-icon\"><\/div>\n<\/div>\n[\/et_pb_text][et_pb_divider color=\"#fdb467\" divider_position=\"center\" divider_weight=\"3px\" _builder_version=\"4.16\" _module_preset=\"default\" max_width=\"50px\" module_alignment=\"left\" animation_style=\"slide\" animation_direction=\"top\" animation_intensity_slide=\"10%\" animation_starting_opacity=\"100%\" locked=\"off\" global_colors_info=\"{}\"][\/et_pb_divider][et_pb_text _builder_version=\"4.19.3\" _module_preset=\"default\" text_font=\"Poppins|600|||||||\" text_font_size=\"20px\" text_line_height=\"1.6em\" custom_margin=\"||||false|false\" hover_enabled=\"0\" locked=\"off\" global_colors_info=\"{}\" sticky_enabled=\"0\"]\n\n<span style=\"color: #333333;\">Ca la Rosa \u00e9s un projecte que persegueix un benefici cultural i de reconeixement dels artistes perqu\u00e8 puguin desenvolupar el seu ofici. Per a posar-ho en marxa fa falta entusiasme, dedicaci\u00f3 i tamb\u00e9 finan\u00e7ament.<\/span>\n\n[\/et_pb_text][\/et_pb_column][\/et_pb_row][et_pb_row column_structure=\"1_2,1_2\" _builder_version=\"4.19.3\" _module_preset=\"default\" custom_padding=\"||32px||false|false\" global_colors_info=\"{}\"][et_pb_column type=\"1_2\" _builder_version=\"4.16\" _module_preset=\"default\" global_colors_info=\"{}\"][et_pb_text _builder_version=\"4.19.3\" _module_preset=\"default\" text_font=\"Poppins|300|||||||\" text_font_size=\"16px\" text_line_height=\"1.8em\" width=\"96%\" max_width=\"100%\" custom_margin=\"||||false|false\" hover_enabled=\"0\" global_colors_info=\"{}\" sticky_enabled=\"0\"]\n\n<strong><span style=\"color: #333333;\">Per a iniciar el necessari finan\u00e7ament d'aquest projecte no lucratiu utilitzarem un crowdfounding o projecte de mecenatge.<\/span><\/strong>\n\n<span style=\"color: #333333;\">Amb el mecenatge volem aconseguir dos objectius al mateix temps:<\/span>\n<ul>\n \t<li><span style=\"color: #333333;\"><strong>Aconseguir la col\u00b7laboraci\u00f3 de persones interessades en l'art i en el nostre projecte i implicar-les en tot el proc\u00e9s.<\/strong><\/span><\/li>\n<\/ul>\n&nbsp;\n\n[\/et_pb_text][\/et_pb_column][et_pb_column type=\"1_2\" _builder_version=\"4.16\" _module_preset=\"default\" global_colors_info=\"{}\"][et_pb_text _builder_version=\"4.16\" _module_preset=\"default\" text_font=\"Poppins|300|||||||\" text_font_size=\"16px\" text_line_height=\"1.8em\" width=\"96%\" max_width=\"100%\" custom_margin=\"||||false|false\" global_colors_info=\"{}\"]\n<ul>\n \t<li><span style=\"color: #333333;\"><strong>Recaptar fons per a poder iniciar el projecte i poder planificar la fase final amb majors garanties per als nostres potencials patrocinadors o col\u00b7laboradors.<\/strong><\/span><\/li>\n<\/ul>\n<span style=\"color: #333333;\">Calculem que la campanya pot arribar a moltes persones, la qual cosa garantir\u00e0 una bona difusi\u00f3 inicial del projecte.<\/span>\n\n[\/et_pb_text][\/et_pb_column][\/et_pb_row][et_pb_row _builder_version=\"4.19.3\" _module_preset=\"default\" custom_padding=\"||15px|||\" global_colors_info=\"{}\"][et_pb_column type=\"4_4\" _builder_version=\"4.19.3\" _module_preset=\"default\" global_colors_info=\"{}\"][et_pb_text _builder_version=\"4.19.3\" _module_preset=\"default\" custom_margin=\"||0px||false|false\" custom_padding=\"15px||||false|false\" locked=\"off\" global_colors_info=\"{}\"]\n<h2><strong>RECOMPENSES&nbsp;<\/strong>PER ALS PARTICIPANTS<\/h2>\n[\/et_pb_text][et_pb_divider color=\"#fdb467\" divider_position=\"center\" divider_weight=\"3px\" _builder_version=\"4.16\" _module_preset=\"default\" max_width=\"50px\" module_alignment=\"left\" animation_style=\"slide\" animation_direction=\"top\" animation_intensity_slide=\"10%\" animation_starting_opacity=\"100%\" locked=\"off\" global_colors_info=\"{}\"][\/et_pb_divider][\/et_pb_column][\/et_pb_row][et_pb_row column_structure=\"1_2,1_2\" _builder_version=\"4.16\" _module_preset=\"default\" custom_padding=\"0px||||false|false\" locked=\"off\" global_colors_info=\"{}\"][et_pb_column type=\"1_2\" _builder_version=\"4.16\" _module_preset=\"default\" global_colors_info=\"{}\"][et_pb_text _builder_version=\"4.19.3\" _module_preset=\"default\" text_font=\"Poppins|300|||||||\" text_font_size=\"16px\" text_line_height=\"1.8em\" width=\"96%\" max_width=\"100%\" custom_margin=\"||||false|false\" custom_padding=\"||0px|||\" global_colors_info=\"{}\"]\n\n<span style=\"color: #333333;\">La <strong>recompensa principal<\/strong> per als participants\/mecenes ser\u00e0 la <strong>col\u00b7lecci\u00f3 CA LA ROSA 2022, samarretes dissenyades per creadores\/\u00e9s que col\u00b7laboraran<\/strong> en el projecte. La tem\u00e0tica amb la qual s'estamparan les samarretes tindr\u00e0 relaci\u00f3 directa amb el nostre projecte i la seva filosofia.<\/span>\n\n[\/et_pb_text][\/et_pb_column][et_pb_column type=\"1_2\" _builder_version=\"4.16\" _module_preset=\"default\" global_colors_info=\"{}\"][et_pb_text _builder_version=\"4.16\" _module_preset=\"default\" text_font=\"Poppins|300|||||||\" text_font_size=\"16px\" text_line_height=\"1.8em\" width=\"96%\" max_width=\"100%\" custom_margin=\"||||false|false\" global_colors_info=\"{}\"]\n\n<span style=\"color: #333333;\"><strong><em>Libro de otro. <\/em><\/strong><span><\/span><\/span><span style=\"color: #333333;\"><span> S'editar\u00e0 aquest fant\u00e0stic llibre d'artista de l'Isidro Ferrer, amb 43 il\u00b7lustracions impreses en serigrafia a 2 tintes planes i es far\u00e0 una edici\u00f3 limitada, numerada i signada pel mateix autor.<\/span><\/span>\n\n[\/et_pb_text][\/et_pb_column][\/et_pb_row][et_pb_row column_structure=\"1_2,1_2\" _builder_version=\"4.16\" custom_padding=\"||15px|||\" global_colors_info=\"{}\"][et_pb_column type=\"1_2\" _builder_version=\"4.16\" custom_padding=\"|||\" global_colors_info=\"{}\" custom_padding__hover=\"|||\"][et_pb_image src=\"https:\/\/check.calarosa.org\/wp-content\/uploads\/2020\/04\/maqueta-figura-2.jpg\" alt=\"maqueta-figura-check.calarosa.org\" title_text=\"maqueta-figura-check.calarosa.org\" _builder_version=\"4.16\" _module_preset=\"default\" width=\"95%\" global_colors_info=\"{}\"][\/et_pb_image][et_pb_text _builder_version=\"4.19.3\" _module_preset=\"default\" text_font_size=\"12px\" header_2_text_align=\"center\" header_2_font_size=\"1.2em\" background_color=\"#f2f2f2\" width=\"95%\" custom_margin=\"15px||||false|false\" custom_padding=\"20px||10px||false|false\" global_colors_info=\"{}\"]\n<h2>Col\u00b7lecci\u00f3 CA LA ROSA 2022<\/h2>\n[\/et_pb_text][\/et_pb_column][et_pb_column type=\"1_2\" _builder_version=\"4.16\" custom_padding=\"|||\" global_colors_info=\"{}\" custom_padding__hover=\"|||\"][et_pb_image src=\"https:\/\/check.calarosa.org\/wp-content\/uploads\/2021\/07\/libro-otro-isidro-ferrer-check.calarosa.org_-600x600-1.jpg\" title_text=\"libro-otro-isidro-ferrer-check.calarosa.org_-600x600\" _builder_version=\"4.16\" _module_preset=\"default\" width=\"95%\" global_colors_info=\"{}\"][\/et_pb_image][et_pb_text _builder_version=\"4.19.3\" _module_preset=\"default\" text_font_size=\"12px\" header_2_text_align=\"center\" header_2_font_size=\"1.2em\" background_color=\"#f2f2f2\" width=\"95%\" custom_margin=\"15px||||false|false\" custom_padding=\"20px||10px||false|false\" locked=\"off\" global_colors_info=\"{}\"]\n<h2>Libro de otro<\/h2>\n[\/et_pb_text][\/et_pb_column][\/et_pb_row][et_pb_row _builder_version=\"4.19.3\" _module_preset=\"default\" global_colors_info=\"{}\"][et_pb_column type=\"4_4\" _builder_version=\"4.19.3\" _module_preset=\"default\" global_colors_info=\"{}\"][et_pb_divider show_divider=\"off\" _builder_version=\"4.19.3\" _module_preset=\"default\" custom_padding=\"||50px|||\" global_colors_info=\"{}\"][\/et_pb_divider][\/et_pb_column][\/et_pb_row][\/et_pb_section]","_et_gb_content_width":"","footnotes":""},"class_list":["post-8299","page","type-page","status-publish","hentry"],"_links":{"self":[{"href":"https:\/\/check.calarosa.org\/en\/wp-json\/wp\/v2\/pages\/8299","targetHints":{"allow":["GET"]}}],"collection":[{"href":"https:\/\/check.calarosa.org\/en\/wp-json\/wp\/v2\/pages"}],"about":[{"href":"https:\/\/check.calarosa.org\/en\/wp-json\/wp\/v2\/types\/page"}],"author":[{"embeddable":true,"href":"https:\/\/check.calarosa.org\/en\/wp-json\/wp\/v2\/users\/2"}],"replies":[{"embeddable":true,"href":"https:\/\/check.calarosa.org\/en\/wp-json\/wp\/v2\/comments?post=8299"}],"version-history":[{"count":0,"href":"https:\/\/check.calarosa.org\/en\/wp-json\/wp\/v2\/pages\/8299\/revisions"}],"wp:attachment":[{"href":"https:\/\/check.calarosa.org\/en\/wp-json\/wp\/v2\/media?parent=8299"}],"curies":[{"name":"wp","href":"https:\/\/api.w.org\/{rel}","templated":true}]}}