{"id":163,"date":"2019-02-21T09:41:47","date_gmt":"2019-02-21T08:41:47","guid":{"rendered":"https:\/\/apartedicions.com\/arte-como-oficio\/?page_id=163"},"modified":"2024-02-19T10:38:33","modified_gmt":"2024-02-19T09:38:33","slug":"equipo-promotor","status":"publish","type":"page","link":"https:\/\/check.calarosa.org\/es\/equipo-promotor\/","title":{"rendered":"Equipo Promotor"},"content":{"rendered":"<p>[et_pb_section fb_built=\u00bb1&#8243; _builder_version=\u00bb4.19.3&#8243; _module_preset=\u00bbdefault\u00bb custom_padding=\u00bb0px||4px||false|false\u00bb locked=\u00bboff\u00bb global_colors_info=\u00bb{}\u00bb][et_pb_row _builder_version=\u00bb4.19.2&#8243; _module_preset=\u00bbdefault\u00bb custom_padding=\u00bb0px||||false|false\u00bb global_colors_info=\u00bb{}\u00bb][et_pb_column type=\u00bb4_4&#8243; _builder_version=\u00bb4.19.2&#8243; _module_preset=\u00bbdefault\u00bb global_colors_info=\u00bb{}\u00bb][et_pb_image src=\u00bbhttps:\/\/check.calarosa.org\/wp-content\/uploads\/2022\/12\/6-equip-promotor-anna-solanilla-jordi-vilella.jpg\u00bb alt=\u00bb6-equip-promotor-anna-solanilla-jordi-vilella\u00bb title_text=\u00bb6-equip-promotor-anna-solanilla-jordi-vilella\u00bb _builder_version=\u00bb4.19.3&#8243; _module_preset=\u00bbdefault\u00bb custom_padding=\u00bb30px||||false|false\u00bb global_colors_info=\u00bb{}\u00bb][\/et_pb_image][\/et_pb_column][\/et_pb_row][\/et_pb_section][et_pb_section fb_built=\u00bb1&#8243; _builder_version=\u00bb4.16&#8243; _module_preset=\u00bbdefault\u00bb custom_padding=\u00bb0px||40px||false|false\u00bb locked=\u00bboff\u00bb global_colors_info=\u00bb{}\u00bb][et_pb_row _builder_version=\u00bb4.19.4&#8243; _module_preset=\u00bbdefault\u00bb locked=\u00bboff\u00bb global_colors_info=\u00bb{}\u00bb][et_pb_column type=\u00bb4_4&#8243; _builder_version=\u00bb4.19.4&#8243; _module_preset=\u00bbdefault\u00bb global_colors_info=\u00bb{}\u00bb][et_pb_text _builder_version=\u00bb4.24.0&#8243; _module_preset=\u00bbdefault\u00bb text_font=\u00bbPoppins|600|||||||\u00bb text_font_size=\u00bb20px\u00bb text_line_height=\u00bb1.6em\u00bb custom_margin=\u00bb||||false|false\u00bb custom_padding=\u00bb||0px|||\u00bb locked=\u00bboff\u00bb global_colors_info=\u00bb{}\u00bb]<\/p>\n<p style=\"text-align: justify;\"><span style=\"color: #333333;\"><span style=\"caret-color: #333333;\"><span>Somos un equipo compuesto por profesionales en las artes visuales, esc\u00e9nicas y el dise\u00f1o que queremos combatir por un arte que cuestiona el mundo que habitamos y como vivimos.<\/span><\/span><\/span><\/p>\n<p>[\/et_pb_text][\/et_pb_column][\/et_pb_row][et_pb_row _builder_version=\u00bb4.19.2&#8243; _module_preset=\u00bbdefault\u00bb custom_padding=\u00bb||0px||false|false\u00bb global_colors_info=\u00bb{}\u00bb][et_pb_column type=\u00bb4_4&#8243; _builder_version=\u00bb4.19.2&#8243; _module_preset=\u00bbdefault\u00bb global_colors_info=\u00bb{}\u00bb][et_pb_text _builder_version=\u00bb4.19.2&#8243; _module_preset=\u00bbdefault\u00bb custom_margin=\u00bb||0px||false|false\u00bb global_colors_info=\u00bb{}\u00bb]<\/p>\n<h2><strong>EQUIPO<\/strong> PROMOTOR<\/h2>\n<p>[\/et_pb_text][et_pb_divider divider_position=\u00bbcenter\u00bb divider_weight=\u00bb3px\u00bb _builder_version=\u00bb4.16&#8243; _module_preset=\u00bbdefault\u00bb max_width=\u00bb50px\u00bb module_alignment=\u00bbleft\u00bb animation_style=\u00bbslide\u00bb animation_direction=\u00bbtop\u00bb animation_intensity_slide=\u00bb10%\u00bb animation_starting_opacity=\u00bb100%\u00bb locked=\u00bboff\u00bb global_colors_info=\u00bb{}\u00bb][\/et_pb_divider][\/et_pb_column][\/et_pb_row][et_pb_row column_structure=\u00bb1_2,1_2&#8243; use_custom_gutter=\u00bbon\u00bb gutter_width=\u00bb2&#8243; _builder_version=\u00bb4.19.3&#8243; custom_padding=\u00bb23px||3px||false|false\u00bb global_colors_info=\u00bb{}\u00bb][et_pb_column type=\u00bb1_2&#8243; _builder_version=\u00bb4.16&#8243; custom_padding=\u00bb|||\u00bb global_colors_info=\u00bb{}\u00bb custom_padding__hover=\u00bb|||\u00bb][et_pb_text _builder_version=\u00bb4.24.0&#8243; _module_preset=\u00bbdefault\u00bb text_font=\u00bbPoppins|300|||||||\u00bb text_font_size=\u00bb16px\u00bb text_line_height=\u00bb1.8em\u00bb header_6_font=\u00bbPoppins||||||||\u00bb header_6_text_color=\u00bb#e09900&#8243; header_6_font_size=\u00bb13px\u00bb header_6_line_height=\u00bb1.4em\u00bb width=\u00bb100%\u00bb custom_padding=\u00bb23px|0px|3px||false|false\u00bb hover_enabled=\u00bb0&#8243; global_colors_info=\u00bb{}\u00bb sticky_enabled=\u00bb0&#8243;]<\/p>\n<p><span style=\"color: #333333;\"><strong>Anna Solanilla<\/strong>, <em>coordinadora de artes digitales<\/em>.<\/span><\/p>\n<p style=\"text-align: justify;\"><span style=\"color: #333333;\">Artista visual y escen\u00f3grafa. Ha realizado diferentes proyectos y muestras del entorno de las artes visuales y esc\u00e9nicas. Actualmente sus proyectos se focalizan en la experimentaci\u00f3n con las artes digitales aplicadas a la escena y en dispositivos de car\u00e1cter instalativo.\u00a0<\/span><\/p>\n<p style=\"text-align: justify;\"><span style=\"color: #333333;\">Docente en la Escuela Superior de Arte Dram\u00e1tico (ESAD) de proyectos y sistemas de representaci\u00f3n anal\u00f3gicos y digitales. Tambi\u00e9n ha estado subdirectora y responsable de m\u00e1steres. Doctora en historia de la escenograf\u00eda por la Universitat de Barcelona. Licenciada en Bellas artes y Arte Dram\u00e1tico, especialidad de Escenograf\u00eda (Institut del Teatre).<\/span><\/p>\n<p style=\"text-align: justify;\"><span style=\"color: #333333;\"><\/span><\/p>\n<p><span style=\"color: #333333;\"><\/span><\/p>\n<h6><span style=\"text-decoration: underline;\"><a href=\"http:\/\/www.annasolanilla.com\">www.annasolanilla.com<\/a><\/span><\/h6>\n<h6><span style=\"text-decoration: underline;\"><a href=\"http:\/\/www.instagram.com\/annasolro\/\">www.instagram.com\/annasolro\/<\/a><\/span><span style=\"color: #333333;\"><\/span><span style=\"color: #333333;\"><\/span><\/h6>\n<p>[\/et_pb_text][\/et_pb_column][et_pb_column type=\u00bb1_2&#8243; _builder_version=\u00bb4.16&#8243; custom_padding=\u00bb|||\u00bb global_colors_info=\u00bb{}\u00bb custom_padding__hover=\u00bb|||\u00bb][et_pb_text _builder_version=\u00bb4.24.0&#8243; _module_preset=\u00bbdefault\u00bb text_font=\u00bbPoppins|300|||||||\u00bb text_font_size=\u00bb16px\u00bb text_line_height=\u00bb1.8em\u00bb header_6_font=\u00bbPoppins||||||||\u00bb header_6_text_color=\u00bb#e09900&#8243; header_6_font_size=\u00bb13px\u00bb header_6_line_height=\u00bb1.4em\u00bb width=\u00bb100%\u00bb custom_padding=\u00bb23px|0px|3px||false|false\u00bb hover_enabled=\u00bb0&#8243; global_colors_info=\u00bb{}\u00bb sticky_enabled=\u00bb0&#8243;]<\/p>\n<p><span style=\"color: #333333;\"><strong>Jordi Vilella<\/strong>, <em>coordinador del taller de obra grafica<\/em>.<\/span><\/p>\n<p style=\"text-align: justify;\"><span style=\"color: #333333;\">Editor y ser\u00edgrafo. Crea su propio taller de serigraf\u00eda en 1983 y desde entonces ha trabajado con varios artistas y en su propia obra gr\u00e1fica. En 1999 crea la editorial Apart Edicions. Hasta hoy es responsable editor de m\u00e1s de 300 ediciones. Desde 2006 elabora serigraf\u00edas mediante t\u00e9cnicas de la ilustraci\u00f3n digital y contempor\u00e1nea, as\u00ed como un lenguaje entre el pop art y el foto-montaje. <\/span><\/p>\n<p style=\"text-align: justify;\"><span style=\"color: #333333;\">Actualmente, su producci\u00f3n art\u00edstica se centra en la fotograf\u00eda urbana con estrategias visuales que tienden a lo abstracto y con sensibilidades cercanas a la pintura.<\/span><\/p>\n<p style=\"text-align: justify;\"><span style=\"color: #333333;\"><\/span><\/p>\n<h6><\/h6>\n<h6><span style=\"text-decoration: underline;\"><a href=\"https:\/\/apartedicions.com\/jordi-vilella-fontelles\/\">www.apartedicions.com\/jordi-vilella-fontelles\/<\/a><\/span><\/h6>\n<h6><span style=\"text-decoration: underline;\"><a href=\"https:\/\/www.instagram.com\/jordivilellafontelles\/\">www.instagram.com\/jordivilellafontelles\/<\/a><\/span><\/h6>\n<p>[\/et_pb_text][\/et_pb_column][\/et_pb_row][et_pb_row _builder_version=\u00bb4.19.2&#8243; _module_preset=\u00bbdefault\u00bb custom_padding=\u00bb50px||3px||false|false\u00bb global_colors_info=\u00bb{}\u00bb][et_pb_column type=\u00bb4_4&#8243; _builder_version=\u00bb4.19.2&#8243; _module_preset=\u00bbdefault\u00bb global_colors_info=\u00bb{}\u00bb][et_pb_text _builder_version=\u00bb4.19.2&#8243; _module_preset=\u00bbdefault\u00bb custom_margin=\u00bb||0px||false|false\u00bb global_colors_info=\u00bb{}\u00bb]<\/p>\n<h2><strong>COLABORADORES\/AS<\/strong><\/h2>\n<p>[\/et_pb_text][et_pb_divider divider_position=\u00bbcenter\u00bb divider_weight=\u00bb3px\u00bb _builder_version=\u00bb4.16&#8243; _module_preset=\u00bbdefault\u00bb max_width=\u00bb50px\u00bb module_alignment=\u00bbleft\u00bb animation_style=\u00bbslide\u00bb animation_direction=\u00bbtop\u00bb animation_intensity_slide=\u00bb10%\u00bb animation_starting_opacity=\u00bb100%\u00bb locked=\u00bboff\u00bb global_colors_info=\u00bb{}\u00bb][\/et_pb_divider][\/et_pb_column][\/et_pb_row][et_pb_row column_structure=\u00bb1_2,1_2&#8243; use_custom_gutter=\u00bbon\u00bb gutter_width=\u00bb2&#8243; _builder_version=\u00bb4.19.2&#8243; custom_padding=\u00bb23px||3px||false|false\u00bb locked=\u00bboff\u00bb global_colors_info=\u00bb{}\u00bb][et_pb_column type=\u00bb1_2&#8243; _builder_version=\u00bb4.16&#8243; custom_padding=\u00bb|||\u00bb global_colors_info=\u00bb{}\u00bb custom_padding__hover=\u00bb|||\u00bb][et_pb_image src=\u00bbhttps:\/\/check.calarosa.org\/wp-content\/uploads\/2022\/12\/7-isidro-ferrer-foto-perfil.jpg\u00bb alt=\u00bb7-isidro-ferrer-foto-perfil\u00bb title_text=\u00bb7-isidro-ferrer-foto-perfil\u00bb _builder_version=\u00bb4.19.3&#8243; _module_preset=\u00bbdefault\u00bb width=\u00bb90%\u00bb custom_padding=\u00bb||||false|false\u00bb locked=\u00bboff\u00bb global_colors_info=\u00bb{}\u00bb][\/et_pb_image][et_pb_text _builder_version=\u00bb4.24.0&#8243; _module_preset=\u00bbdefault\u00bb text_font=\u00bbPoppins|300|||||||\u00bb text_font_size=\u00bb16px\u00bb text_line_height=\u00bb1.8em\u00bb header_6_font=\u00bbPoppins||||on||||\u00bb header_6_text_color=\u00bb#e09900&#8243; header_6_font_size=\u00bb13px\u00bb header_6_line_height=\u00bb1.4em\u00bb width=\u00bb96%\u00bb max_width=\u00bb100%\u00bb custom_margin=\u00bb||||false|false\u00bb custom_padding=\u00bb30px|40px|||false|false\u00bb global_colors_info=\u00bb{}\u00bb]<\/p>\n<p><span style=\"color: #333333;\"><strong>Isidro Ferrer<\/strong>, <i>dise\u00f1o gr\u00e1fico e ilustraci\u00f3n<\/i>.<\/span><\/p>\n<p style=\"text-align: justify;\"><span style=\"color: #333333;\">Aportar\u00e1 una mirada imaginativa al proyecto. Hace a\u00f1os que Isidro colabora con la editorial <strong>APART<\/strong>EDICIONS. Su capacidad de experimentar con el lenguaje gr\u00e1fico, y mucho m\u00e1s, encapsula el esp\u00edritu del proyecto de CA LA ROSA.<\/span><\/p>\n<h6><a href=\"https:\/\/www.isidroferrer.com\">www.isidroferrer.com<\/a><\/h6>\n<p><span style=\"color: #333333;\"><\/span><\/p>\n<p>[\/et_pb_text][\/et_pb_column][et_pb_column type=\u00bb1_2&#8243; _builder_version=\u00bb4.16&#8243; custom_padding=\u00bb|||\u00bb global_colors_info=\u00bb{}\u00bb custom_padding__hover=\u00bb|||\u00bb][et_pb_image src=\u00bbhttps:\/\/check.calarosa.org\/wp-content\/uploads\/2022\/12\/8-roser-sales-foto-perfil.jpg\u00bb alt=\u00bb8-roser-sales-foto-perfil\u00bb title_text=\u00bb8-roser-sales-foto-perfil\u00bb _builder_version=\u00bb4.19.3&#8243; _module_preset=\u00bbdefault\u00bb width=\u00bb90%\u00bb custom_padding=\u00bb||||false|false\u00bb global_colors_info=\u00bb{}\u00bb][\/et_pb_image][et_pb_text _builder_version=\u00bb4.24.0&#8243; _module_preset=\u00bbdefault\u00bb text_font=\u00bbPoppins|300|||||||\u00bb text_font_size=\u00bb16px\u00bb text_line_height=\u00bb1.8em\u00bb header_6_font=\u00bbPoppins||||on||||\u00bb header_6_text_color=\u00bb#e09900&#8243; header_6_font_size=\u00bb13px\u00bb header_6_line_height=\u00bb1.4em\u00bb width=\u00bb96%\u00bb max_width=\u00bb100%\u00bb custom_margin=\u00bb||||false|false\u00bb custom_padding=\u00bb30px|40px|||false|false\u00bb global_colors_info=\u00bb{}\u00bb]<\/p>\n<p><span style=\"color: #333333;\"><strong>Roser Sales<\/strong>,<em>\u00a0cursos de grabado<\/em>.<\/span><\/p>\n<p style=\"text-align: justify;\"><span style=\"color: #333333;\">Artista pl\u00e1stica especialista en la profundizaci\u00f3n e investigaci\u00f3n con t\u00e9cnicas de grabado. Roser liderar\u00e1 el espacio de los procesos de edici\u00f3n abriendo l\u00edneas de investigaci\u00f3n en la hibridaci\u00f3n de conceptos y recursos.<\/span><span style=\"color: #333333;\"><\/span><span style=\"color: #333333;\"><\/span><\/p>\n<p><span style=\"color: #333333;\"><\/span><\/p>\n<h6><a href=\"https:\/\/www.instagram.com\/rosersalesnoguera\/\">www.instagram.com\/rosersalesnoguera\/<\/a><\/h6>\n<h6><a href=\"http:\/\/www.rosersales.es\/index.php\/es\/\">www.rosersales.es<\/a><\/h6>\n<p>[\/et_pb_text][\/et_pb_column][\/et_pb_row][et_pb_row column_structure=\u00bb1_2,1_2&#8243; use_custom_gutter=\u00bbon\u00bb gutter_width=\u00bb2&#8243; _builder_version=\u00bb4.24.0&#8243; _module_preset=\u00bbdefault\u00bb custom_padding=\u00bb23px||3px||false|false\u00bb locked=\u00bboff\u00bb global_colors_info=\u00bb{}\u00bb][et_pb_column type=\u00bb1_2&#8243; _builder_version=\u00bb4.24.0&#8243; _module_preset=\u00bbdefault\u00bb global_colors_info=\u00bb{}\u00bb][et_pb_image src=\u00bbhttps:\/\/check.calarosa.org\/wp-content\/uploads\/2024\/02\/Screenshot-2023-10-04-at-12.26.53-1.png\u00bb alt=\u00bbnuria-nia-foto-perfil\u00bb title_text=\u00bbnuria-nia-foto-perfil\u00bb _builder_version=\u00bb4.24.0&#8243; _module_preset=\u00bbdefault\u00bb width=\u00bb90%\u00bb custom_padding=\u00bb||||false|false\u00bb locked=\u00bboff\u00bb global_colors_info=\u00bb{}\u00bb][\/et_pb_image][et_pb_text _builder_version=\u00bb4.24.0&#8243; _module_preset=\u00bbdefault\u00bb text_font=\u00bbPoppins|300|||||||\u00bb text_font_size=\u00bb16px\u00bb text_line_height=\u00bb1.8em\u00bb header_6_font=\u00bbPoppins||||on||||\u00bb header_6_text_color=\u00bb#e09900&#8243; header_6_font_size=\u00bb13px\u00bb header_6_line_height=\u00bb1.4em\u00bb width=\u00bb96%\u00bb max_width=\u00bb100%\u00bb custom_margin=\u00bb||||false|false\u00bb custom_padding=\u00bb30px|40px|||false|false\u00bb global_colors_info=\u00bb{}\u00bb]<\/p>\n<p><span style=\"color: #333333;\"><strong>N\u00faria Nia<\/strong>,\u00a0<i>artista digital y performer.<\/i><\/span><\/p>\n<p style=\"text-align: justify;\"><span style=\"color: #333333;\">Aporta al equipo creatividad y profesionalidad tanto en las estrategias de comunicaci\u00f3n con el equipo coordinador como formando equipo con Anna Solanilla en el \u00e0mbito de las artes ef\u00edmeras y performativas vinculadas a las tecnolog\u00edas digitales.<\/span><\/p>\n<h6><a href=\"https:\/\/www.nuriania.com\/\">www.nuriania.com\/<\/a><\/h6>\n<p>&nbsp;<\/p>\n<p><span style=\"color: #333333;\"><\/span><\/p>\n<p>[\/et_pb_text][\/et_pb_column][et_pb_column type=\u00bb1_2&#8243; _builder_version=\u00bb4.24.0&#8243; _module_preset=\u00bbdefault\u00bb global_colors_info=\u00bb{}\u00bb][et_pb_image src=\u00bbhttps:\/\/check.calarosa.org\/wp-content\/uploads\/2022\/12\/9-rafel-g.-bianchi-scaled-1.jpg\u00bb alt=\u00bb9-rafel-g.-bianchi-foto-perfil\u00bb title_text=\u00bb9-rafel-g.-bianchi-foto-perfil\u00bb _builder_version=\u00bb4.19.3&#8243; _module_preset=\u00bbdefault\u00bb width=\u00bb90%\u00bb custom_padding=\u00bb||||false|false\u00bb global_colors_info=\u00bb{}\u00bb][\/et_pb_image][et_pb_text _builder_version=\u00bb4.24.0&#8243; _module_preset=\u00bbdefault\u00bb text_font=\u00bbPoppins|300|||||||\u00bb text_font_size=\u00bb16px\u00bb text_line_height=\u00bb1.8em\u00bb header_6_font=\u00bbPoppins||||on||||\u00bb header_6_text_color=\u00bb#e09900&#8243; header_6_font_size=\u00bb13px\u00bb header_6_line_height=\u00bb1.4em\u00bb width=\u00bb96%\u00bb max_width=\u00bb100%\u00bb custom_margin=\u00bb||||false|false\u00bb custom_padding=\u00bb30px|32px|||false|false\u00bb global_colors_info=\u00bb{}\u00bb]<\/p>\n<p><span style=\"color: #333333;\"><strong>Rafel G. Bianchi<\/strong>, <em>muestras y exposiciones<\/em>.<\/span><\/p>\n<p style=\"text-align: justify;\"><span style=\"color: #333333;\">El pensamiento de Rafel es inquietante. Obliga a preguntarnos y cuestionarnos el sentido de las artes visuales o las artes en general. \u00c9l se encargar\u00e1 de organizar acontecimientos, exposiciones u otros dispositivos.<\/span><\/p>\n<p><span style=\"color: #333333;\"><\/span><\/p>\n<h6><a href=\"https:\/\/www.instagram.com\/rafel_g._bianchi\/\">www.instagram.com\/rafel_g._bianchi\/<\/a><\/h6>\n<h6><\/h6>\n<h6><\/h6>\n<h6><\/h6>\n<p>[\/et_pb_text][\/et_pb_column][\/et_pb_row][\/et_pb_section]<\/p>\n","protected":false},"excerpt":{"rendered":"<p>Somos un equipo compuesto por profesionales en las artes visuales, esc\u00e9nicas y el dise\u00f1o que queremos combatir por un arte que cuestiona el mundo que habitamos y como vivimos.EQUIPO PROMOTORAnna Solanilla, coordinadora de artes digitales. Artista visual y escen\u00f3grafa. Ha realizado diferentes proyectos y muestras del entorno de las artes visuales y esc\u00e9nicas. Actualmente sus [&hellip;]<\/p>\n","protected":false},"author":2,"featured_media":0,"parent":0,"menu_order":0,"comment_status":"closed","ping_status":"closed","template":"","meta":{"_et_pb_use_builder":"on","_et_pb_old_content":"[vc_row][vc_column][vc_column_text]\n<h2>Equipo Promotor del proyecto<\/h2>\n[\/vc_column_text][vc_separator color=\"white\" border_width=\"10\"][\/vc_column][\/vc_row][vc_row][vc_column width=\"1\/2\"][vc_column_text]Asociaci\u00f3n Arte C\u00f3mo Ofici\u00f3, parte de un equipo promotor de tres profesionales. Este primer equipo se ir\u00e1 transformando a medida que la asociaci\u00f3n vaya despleg\u00e1ndose.\n\nEl promotor de este proyecto, Jordi Vilella, y su equipo, Eul\u00e0lia Coma y Anna Solanilla, disponen de una extensa experiencia y solventes contactos profesionales en el mundo art\u00edstico.[\/vc_column_text][\/vc_column][vc_column width=\"1\/2\"][vc_column_text]Tambi\u00e9n formar\u00e1 parte del equipo, y como trabajador del centro, un\/a responsable de mantenimiento y alojamiento (pendiente de contratar).\n\nLa programaci\u00f3n de cursos para la pr\u00e1ctica art\u00edstica no es una novedad. S\u00ed lo es desarrollar este proyecto en la zona escogida de Pont de Monta\u00f1ana. <strong>Creemos firmemente que ofrecer cursos presenciales e intensivos con profesionales de alta calidad art\u00edstica es una propuesta singular y atractiva.<\/strong>[\/vc_column_text][\/vc_column][\/vc_row][vc_row][vc_column][vc_separator color=\"white\" border_width=\"10\"][\/vc_column][\/vc_row][vc_row][vc_column width=\"1\/3\"][vc_single_image image=\"1332\" img_size=\"250x300\"][vc_column_text]<strong>Jordi Vilella<\/strong>, <em>coordinador del proyecto.<\/em>\n\nEditor y ser\u00edgrafo. Crea su propio taller de serigraf\u00eda en 1983 y desde entonces ha trabajado con varios artistas y en su propia obra gr\u00e1fica. En 1999 crea la editorial Apart Edicions. Hasta hoy es responsable editor de m\u00e1s de 300 ediciones. Desde 2006 elabora serigraf\u00edas mediante t\u00e9cnicas de la ilustraci\u00f3n digital y contempor\u00e1nea, as\u00ed como un lenguaje entre el pop art y el foto-montaje. Actualmente su producci\u00f3n art\u00edstica se centra en la fotograf\u00eda urbana con estrategias visuales que tienden a lo abstracto y con sensibilidades cercanas a la pintura.[\/vc_column_text][\/vc_column][vc_column width=\"1\/3\"][vc_single_image image=\"1328\" img_size=\"250x300\"][vc_column_text]<strong>Eul\u00e0lia Coma<\/strong>, <em>responsable de comunicaci\u00f3n gr\u00e1fica.<\/em>\n\nDise\u00f1adora gr\u00e1fica de profesi\u00f3n con estudio propio desde 1987. Su trayectoria profesional se centra en el dise\u00f1o de identidades, editorial y gr\u00e1fica para exposiciones. Cabe destacar su extensa colaboraci\u00f3n con la editorial Gustavo Gili con la que consigue el <em>Aia Award, excellence in book publishing<\/em> en dos ocasiones. En 1996 participa en el dise\u00f1o de la exposici\u00f3n <em>home sweet home<\/em>, premiada por el FAD. Posteriormente realiza diversas exposiciones para el <em>Palau Robert<\/em>. Del 2011 hasta el 2014 es miembro de la junta directiva del FAD. Forma parte del jurado de dise\u00f1o de los <em>Premis Ciutat de Barcelona<\/em> en las ediciones 2013 y 2014.[\/vc_column_text][vc_separator color=\"white\" border_width=\"10\"][vc_separator color=\"white\" border_width=\"10\"][\/vc_column][vc_column width=\"1\/3\"][vc_single_image image=\"1597\" img_size=\"250x300\"][vc_column_text]<strong> Anna Solanilla<\/strong>, <em>responsable de programaci\u00f3n.<\/em>\n\nProfesora de dibujo y escenograf\u00eda en la Escuela Superior de Arte Dram\u00e1tico (ESAD) desde 2001. Subdirectora la Escuela Superior de Arte Dram\u00e1tico (2009-2012). Ha realizado diferentes proyectos y muestras en el entorno del dibujo, la pintura, la obra gr\u00e1fica y proyectos escenogr\u00e1ficos y de dise\u00f1o de personaje teatral. Doctora en Historia del Arte por la Universitat de Barcelona (Facultad de Geograf\u00eda e Historia). Licenciada en Bellas Artes (Universitat de Barcelona) y Arte Dram\u00e1tico, Especialidad de Escenograf\u00eda (Instituto del Teatro).[\/vc_column_text][\/vc_column][\/vc_row][vc_row][vc_column][vc_single_image image=\"1595\" img_size=\"full\"][\/vc_column][\/vc_row][vc_row][vc_column][vc_column_text]\n<h6 style=\"text-align: right;\">Palanca de Pont de Monta\u00f1ana, 2015<\/h6>\n[\/vc_column_text][\/vc_column][\/vc_row]","_et_gb_content_width":"","footnotes":""},"class_list":["post-163","page","type-page","status-publish","hentry"],"_links":{"self":[{"href":"https:\/\/check.calarosa.org\/es\/wp-json\/wp\/v2\/pages\/163","targetHints":{"allow":["GET"]}}],"collection":[{"href":"https:\/\/check.calarosa.org\/es\/wp-json\/wp\/v2\/pages"}],"about":[{"href":"https:\/\/check.calarosa.org\/es\/wp-json\/wp\/v2\/types\/page"}],"author":[{"embeddable":true,"href":"https:\/\/check.calarosa.org\/es\/wp-json\/wp\/v2\/users\/2"}],"replies":[{"embeddable":true,"href":"https:\/\/check.calarosa.org\/es\/wp-json\/wp\/v2\/comments?post=163"}],"version-history":[{"count":3,"href":"https:\/\/check.calarosa.org\/es\/wp-json\/wp\/v2\/pages\/163\/revisions"}],"predecessor-version":[{"id":9083,"href":"https:\/\/check.calarosa.org\/es\/wp-json\/wp\/v2\/pages\/163\/revisions\/9083"}],"wp:attachment":[{"href":"https:\/\/check.calarosa.org\/es\/wp-json\/wp\/v2\/media?parent=163"}],"curies":[{"name":"wp","href":"https:\/\/api.w.org\/{rel}","templated":true}]}}