{"id":28,"date":"2019-02-18T00:54:53","date_gmt":"2019-02-17T23:54:53","guid":{"rendered":"https:\/\/apartedicions.com\/arte-como-oficio\/?page_id=28"},"modified":"2024-03-11T14:34:07","modified_gmt":"2024-03-11T13:34:07","slug":"contacto","status":"publish","type":"page","link":"https:\/\/check.calarosa.org\/es\/contacto\/","title":{"rendered":"Contacto"},"content":{"rendered":"<p>[et_pb_section fb_built=\u00bb1&#8243; _builder_version=\u00bb4.19.3&#8243; _module_preset=\u00bbdefault\u00bb custom_padding=\u00bb0px||4px||false|false\u00bb locked=\u00bboff\u00bb global_colors_info=\u00bb{}\u00bb][et_pb_row _builder_version=\u00bb4.19.2&#8243; _module_preset=\u00bbdefault\u00bb custom_padding=\u00bb0px||||false|false\u00bb global_colors_info=\u00bb{}\u00bb][et_pb_column type=\u00bb4_4&#8243; _builder_version=\u00bb4.19.2&#8243; _module_preset=\u00bbdefault\u00bb global_colors_info=\u00bb{}\u00bb][et_pb_image src=\u00bbhttps:\/\/check.calarosa.org\/wp-content\/uploads\/2023\/01\/14-contacte.jpg\u00bb alt=\u00bb14-contacte\u00bb title_text=\u00bb14-contacte\u00bb _builder_version=\u00bb4.16&#8243; _module_preset=\u00bbdefault\u00bb custom_padding=\u00bb30px||||false|false\u00bb global_colors_info=\u00bb{}\u00bb][\/et_pb_image][\/et_pb_column][\/et_pb_row][\/et_pb_section][et_pb_section fb_built=\u00bb1&#8243; admin_label=\u00bbsection\u00bb _builder_version=\u00bb4.16&#8243; custom_padding=\u00bb|0px|100px|||\u00bb global_colors_info=\u00bb{}\u00bb][et_pb_row column_structure=\u00bb1_2,1_2&#8243; _builder_version=\u00bb4.19.3&#8243; _module_preset=\u00bbdefault\u00bb global_colors_info=\u00bb{}\u00bb][et_pb_column type=\u00bb1_2&#8243; _builder_version=\u00bb4.19.3&#8243; _module_preset=\u00bbdefault\u00bb global_colors_info=\u00bb{}\u00bb][et_pb_image src=\u00bbhttps:\/\/check.calarosa.org\/wp-content\/uploads\/2022\/12\/logoisidroferrer-negatiuhoritzonal-copia.png\u00bb alt=\u00bblogo-ca-la-rosa\u00bb title_text=\u00bblogoisidroferrer-negatiuhoritzonal copia\u00bb _builder_version=\u00bb4.19.5&#8243; _module_preset=\u00bbdefault\u00bb width=\u00bb40%\u00bb custom_margin=\u00bb||||false|false\u00bb custom_padding=\u00bb||23px||false|false\u00bb locked=\u00bboff\u00bb global_colors_info=\u00bb{}\u00bb][\/et_pb_image][et_pb_text _builder_version=\u00bb4.20.2&#8243; _module_preset=\u00bbdefault\u00bb text_font=\u00bbPoppins||||||||\u00bb text_font_size=\u00bb15px\u00bb header_2_font_size=\u00bb25px\u00bb custom_padding=\u00bb||27px||false|false\u00bb global_colors_info=\u00bb{}\u00bb]<\/p>\n<div class=\"vc_row wpb_row vc_row-fluid\">\n<div class=\"wpb_column vc_column_container vc_col-sm-6\">\n<div class=\"vc_column-inner\">\n<h2 class=\"wpb_wrapper\"><a href=\"mailto:info@check.calarosa.org\"><span style=\"color: #333333;\"><strong>info@check.calarosa.org<\/strong><\/span><\/a><\/h2>\n<\/div>\n<\/div>\n<\/div>\n<div class=\"vc_row wpb_row vc_row-fluid\">\n<div class=\"wpb_column vc_column_container vc_col-sm-6\">\n<div class=\"vc_column-inner\">\n<div class=\"wpb_wrapper\">\n<div class=\"wpb_text_column wpb_content_element \">\n<div class=\"wpb_wrapper\">\n<p><span style=\"color: #333333;\">Calle de Girona, 31<\/span><br \/><span style=\"color: #333333;\">17142 \u2013 VERGES<\/span><\/p>\n<p><span style=\"color: #333333;\"><\/span><\/p>\n<p><span style=\"color: #333333;\"><\/span><\/p>\n<p><span style=\"text-decoration: underline;\"><span style=\"color: #333333; text-decoration: underline;\">Contacto:<\/span><\/span><\/p>\n<p><span style=\"color: #333333;\"><span style=\"font-size: 15px;\">Jordi Vilella Fontelles\u00a0<\/span><strong>m. 661 971 018<\/strong><\/span><\/p>\n<p><span style=\"color: #333333;\"><span style=\"font-size: 15px;\">Anna Solanilla Rosell\u00f3\u00a0<\/span><strong>m. 625796561<\/strong><\/span><\/p>\n<\/div>\n<\/div>\n<\/div>\n<\/div>\n<\/div>\n<\/div>\n<p>[\/et_pb_text][\/et_pb_column][et_pb_column type=\u00bb1_2&#8243; _builder_version=\u00bb4.19.3&#8243; _module_preset=\u00bbdefault\u00bb global_colors_info=\u00bb{}\u00bb][et_pb_code _builder_version=\u00bb4.19.0&#8243; _module_preset=\u00bbdefault\u00bb global_colors_info=\u00bb{}\u00bb]<iframe src=\"https:\/\/www.google.com\/maps\/embed?pb=!1m18!1m12!1m3!1d139660.31208604446!2d2.8613610156696265!3d41.989399380810994!2m3!1f0!2f0!3f0!3m2!1i1024!2i768!4f13.1!3m3!1m2!1s0x12baf7358785770d%3A0x5ce87c41ac1463d5!2sCa%20La%20Rosa!5e0!3m2!1sca!2ses!4v1664383801427!5m2!1sca!2ses\" width=\"650\" height=\"440\" style=\"border:0;\" allowfullscreen=\"\" loading=\"lazy\" referrerpolicy=\"no-referrer-when-downgrade\"><\/iframe>[\/et_pb_code][\/et_pb_column][\/et_pb_row][et_pb_row admin_label=\u00bbNewsletter Area\u00bb _builder_version=\u00bb4.16&#8243; _module_preset=\u00bbdefault\u00bb locked=\u00bboff\u00bb global_colors_info=\u00bb{}\u00bb][et_pb_column type=\u00bb4_4&#8243; _builder_version=\u00bb4.16&#8243; _module_preset=\u00bbdefault\u00bb custom_padding=\u00bb|||\u00bb global_colors_info=\u00bb{}\u00bb custom_padding__hover=\u00bb|||\u00bb][et_pb_text admin_label=\u00bbTitle\u00bb _builder_version=\u00bb4.19.4&#8243; _module_preset=\u00bbdefault\u00bb header_2_font_size=\u00bb30px\u00bb custom_margin=\u00bb||0px||false|false\u00bb animation_style=\u00bbfold\u00bb animation_intensity_fold=\u00bb10%\u00bb animation_starting_opacity=\u00bb100%\u00bb global_colors_info=\u00bb{}\u00bb]<\/p>\n<h2><strong>\u00a1PARTICIPA!<\/strong><\/h2>\n<p>[\/et_pb_text][et_pb_divider divider_position=\u00bbcenter\u00bb divider_weight=\u00bb3px\u00bb _builder_version=\u00bb4.16&#8243; _module_preset=\u00bbdefault\u00bb max_width=\u00bb50px\u00bb module_alignment=\u00bbleft\u00bb animation_style=\u00bbslide\u00bb animation_direction=\u00bbtop\u00bb animation_intensity_slide=\u00bb10%\u00bb animation_starting_opacity=\u00bb100%\u00bb locked=\u00bboff\u00bb global_colors_info=\u00bb{}\u00bb][\/et_pb_divider][et_pb_text _builder_version=\u00bb4.19.4&#8243; _module_preset=\u00bbdefault\u00bb text_font=\u00bbPoppins|300|||||||\u00bb text_font_size=\u00bb16px\u00bb text_line_height=\u00bb1.6em\u00bb custom_margin=\u00bb20px||||false|false\u00bb animation_style=\u00bbfold\u00bb animation_intensity_fold=\u00bb10%\u00bb animation_starting_opacity=\u00bb100%\u00bb locked=\u00bboff\u00bb global_colors_info=\u00bb{}\u00bb]<\/p>\n<p><span style=\"color: #333333;\"><strong>\u00a1CA LA ROSA<\/strong>\u00a0CENTRO DE ARTE\u00a0<strong>necesita de tu colaboraci\u00f3n!<\/strong><\/span><\/p>\n<p><span style=\"color: #333333;\">Buscamos personas para fortalecer nuestro proyecto. Tanto si piensas que alguna vez podr\u00edas hacer una residencia o un curso en el centro, como si tienes inter\u00e9s a venir a conocernos o participar en alguna de sus actividades divulgativas, hazte SIMPATIZANTE!<\/span><\/p>\n<p><span style=\"color: #333333;\">Solo hace falta que completes los datos para estar en contacto con nosotros y hacerte llegar futuras acciones.<\/span><\/p>\n<p><span style=\"color: #333333;\">\u00a1Saber que nos apoyas fortalece <strong>CA LA ROSA<\/strong>!<\/span><\/p>\n<p>[\/et_pb_text][et_pb_signup provider=\u00bbmailpoet\u00bb mailpoet_list=\u00bbJordi|4&#8243; success_message=\u00bb\u00a1Much\u00edsimas gracias por tu apoyo!\u00bb description=\u00bb<\/p>\n<p><strong>Hazte simpatizante del proyecto rellenando este formulario.<\/strong><\/p>\n<p><span><\/span><\/p>\n<h6><span>Tus datos solo se utilizar\u00e1n para este proyecto.<\/span><\/h6>\n<p>\u00bb use_spam_service=\u00bbon\u00bb recaptcha_list=\u00bbCA LA ROSA|CA LA ROSA-0&#8243; recaptcha_min_score=\u00bb0.8&#8243; _builder_version=\u00bb4.16&#8243; _module_preset=\u00bbdefault\u00bb header_font=\u00bbPoppins|600|||||||\u00bb header_text_color=\u00bb#353535&#8243; header_font_size=\u00bb36px\u00bb body_font=\u00bbPoppins|300|||||||\u00bb body_text_color=\u00bb#000000&#8243; body_font_size=\u00bb20px\u00bb use_background_color=\u00bboff\u00bb custom_button=\u00bbon\u00bb button_text_color=\u00bb#ffffff\u00bb button_bg_color=\u00bb#fdb467&#8243; button_border_width=\u00bb0px\u00bb background_layout=\u00bblight\u00bb custom_margin=\u00bb80px||||false|false\u00bb custom_padding=\u00bb||0px||false|false\u00bb border_radii=\u00bbon|4px|4px|4px|4px\u00bb border_color_all=\u00bb#606060&#8243; border_radii_fields=\u00bbon|4px|4px|4px|4px\u00bb border_width_all_fields=\u00bb1px\u00bb locked=\u00bboff\u00bb global_colors_info=\u00bb{}\u00bb][\/et_pb_signup][\/et_pb_column][\/et_pb_row][\/et_pb_section]<\/p>\n","protected":false},"excerpt":{"rendered":"<p>info@check.calarosa.org Calle de Girona, 3117142 \u2013 VERGES Contacto: Jordi Vilella Fontelles\u00a0m. 661 971 018 Anna Solanilla Rosell\u00f3\u00a0m. 625796561 \u00a1PARTICIPA!\u00a1CA LA ROSA\u00a0CENTRO DE ARTE\u00a0necesita de tu colaboraci\u00f3n! Buscamos personas para fortalecer nuestro proyecto. Tanto si piensas que alguna vez podr\u00edas hacer una residencia o un curso en el centro, como si tienes inter\u00e9s a venir a [&hellip;]<\/p>\n","protected":false},"author":2,"featured_media":0,"parent":0,"menu_order":0,"comment_status":"closed","ping_status":"closed","template":"","meta":{"_et_pb_use_builder":"on","_et_pb_old_content":"[vc_row][vc_column width=\"1\/2\"][vc_single_image image=\"763\" img_size=\"medium\"][\/vc_column][vc_column width=\"1\/2\"][\/vc_column][\/vc_row][vc_row][vc_column width=\"1\/2\"][vc_column_text]\n<h4>check.calarosa.org@gmail.com<\/h4>\nC\/ Tremp, 7-11\n25284 - Pont de Monta\u00f1ana HUESCA[\/vc_column_text][\/vc_column][vc_column width=\"1\/2\"][vc_column_text]Persona de contacto:\n\nJordi Vilella Fontelles\n\njordivilefont@gmail.com\n<strong>m. 661 971 018<\/strong> t. 93 420 38 26\nC\/ La Bisbal, 3 08041 BARCELONA[\/vc_column_text][\/vc_column][\/vc_row][vc_row][vc_column][vc_single_image image=\"1610\" img_size=\"full\"][\/vc_column][\/vc_row][vc_row][vc_column][vc_column_text]\n<h6 style=\"text-align: right;\">Vista panor\u00e1mica de Pont de Monta\u00f1ana, 2016.<\/h6>\n[\/vc_column_text][\/vc_column][\/vc_row]","_et_gb_content_width":"","footnotes":""},"class_list":["post-28","page","type-page","status-publish","hentry"],"_links":{"self":[{"href":"https:\/\/check.calarosa.org\/es\/wp-json\/wp\/v2\/pages\/28","targetHints":{"allow":["GET"]}}],"collection":[{"href":"https:\/\/check.calarosa.org\/es\/wp-json\/wp\/v2\/pages"}],"about":[{"href":"https:\/\/check.calarosa.org\/es\/wp-json\/wp\/v2\/types\/page"}],"author":[{"embeddable":true,"href":"https:\/\/check.calarosa.org\/es\/wp-json\/wp\/v2\/users\/2"}],"replies":[{"embeddable":true,"href":"https:\/\/check.calarosa.org\/es\/wp-json\/wp\/v2\/comments?post=28"}],"version-history":[{"count":2,"href":"https:\/\/check.calarosa.org\/es\/wp-json\/wp\/v2\/pages\/28\/revisions"}],"predecessor-version":[{"id":9093,"href":"https:\/\/check.calarosa.org\/es\/wp-json\/wp\/v2\/pages\/28\/revisions\/9093"}],"wp:attachment":[{"href":"https:\/\/check.calarosa.org\/es\/wp-json\/wp\/v2\/media?parent=28"}],"curies":[{"name":"wp","href":"https:\/\/api.w.org\/{rel}","templated":true}]}}