{"id":56,"date":"2019-02-18T01:39:05","date_gmt":"2019-02-18T00:39:05","guid":{"rendered":"https:\/\/apartedicions.com\/arte-como-oficio\/?page_id=56"},"modified":"2023-01-11T11:44:01","modified_gmt":"2023-01-11T10:44:01","slug":"crowdfunding","status":"publish","type":"page","link":"https:\/\/check.calarosa.org\/es\/crowdfunding\/","title":{"rendered":"Crowdfunding"},"content":{"rendered":"<p>[et_pb_section fb_built=\u00bb1&#8243; _builder_version=\u00bb4.19.2&#8243; _module_preset=\u00bbdefault\u00bb custom_padding=\u00bb0px||4px||false|false\u00bb locked=\u00bboff\u00bb global_colors_info=\u00bb{}\u00bb][et_pb_row _builder_version=\u00bb4.19.2&#8243; _module_preset=\u00bbdefault\u00bb custom_padding=\u00bb0px||||false|false\u00bb global_colors_info=\u00bb{}\u00bb][et_pb_column type=\u00bb4_4&#8243; _builder_version=\u00bb4.19.2&#8243; _module_preset=\u00bbdefault\u00bb global_colors_info=\u00bb{}\u00bb][et_pb_image src=\u00bbhttps:\/\/check.calarosa.org\/wp-content\/uploads\/2022\/12\/5-CROWFUNDING.png\u00bb alt=\u00bb5-CROWFUNDING\u00bb title_text=\u00bb5-CROWFUNDING\u00bb _builder_version=\u00bb4.19.3&#8243; _module_preset=\u00bbdefault\u00bb custom_padding=\u00bb30px||||false|false\u00bb global_colors_info=\u00bb{}\u00bb][\/et_pb_image][\/et_pb_column][\/et_pb_row][\/et_pb_section][et_pb_section fb_built=\u00bb1&#8243; _builder_version=\u00bb4.16&#8243; _module_preset=\u00bbdefault\u00bb custom_padding=\u00bb||4px|||\u00bb locked=\u00bboff\u00bb global_colors_info=\u00bb{}\u00bb][et_pb_row _builder_version=\u00bb4.16&#8243; _module_preset=\u00bbdefault\u00bb custom_padding=\u00bb0px||||false|false\u00bb locked=\u00bboff\u00bb global_colors_info=\u00bb{}\u00bb][et_pb_column type=\u00bb4_4&#8243; _builder_version=\u00bb4.16&#8243; _module_preset=\u00bbdefault\u00bb global_colors_info=\u00bb{}\u00bb][et_pb_text _builder_version=\u00bb4.19.2&#8243; _module_preset=\u00bbdefault\u00bb text_font=\u00bb|300|||||||\u00bb header_2_font=\u00bbRoboto|300|||||||\u00bb header_2_text_color=\u00bb#383838&#8243; header_2_font_size=\u00bb40px\u00bb custom_margin=\u00bb||0px||false|false\u00bb global_colors_info=\u00bb{}\u00bb]<\/p>\n<div class=\"wpb_text_column wpb_content_element \">\n<div class=\"wpb_wrapper\">\n<div class=\"vc_row wpb_row vc_row-fluid\">\n<div class=\"wpb_column vc_column_container vc_col-sm-12\">\n<div class=\"vc_column-inner\">\n<div class=\"wpb_wrapper\">\n<div class=\"wpb_text_column wpb_content_element \">\n<div class=\"wpb_wrapper\">\n<h2>CAMPA\u00d1A <strong>CROWDFUNDING<\/strong><\/h2>\n<\/div>\n<\/div>\n<\/div>\n<\/div>\n<\/div>\n<\/div>\n<\/div>\n<\/div>\n<div class=\"vc_separator wpb_content_element vc_separator_align_center vc_sep_width_100 vc_sep_border_width_10 vc_sep_pos_align_center vc_separator_no_text vc_sep_color_white\"><\/div>\n<div id=\"gtx-trans\" style=\"position: absolute; left: 114px; top: -4.09375px;\">\n<div class=\"gtx-trans-icon\"><\/div>\n<\/div>\n<p>[\/et_pb_text][et_pb_divider color=\u00bb#fdb467&#8243; divider_position=\u00bbcenter\u00bb divider_weight=\u00bb3px\u00bb _builder_version=\u00bb4.16&#8243; _module_preset=\u00bbdefault\u00bb max_width=\u00bb50px\u00bb module_alignment=\u00bbleft\u00bb animation_style=\u00bbslide\u00bb animation_direction=\u00bbtop\u00bb animation_intensity_slide=\u00bb10%\u00bb animation_starting_opacity=\u00bb100%\u00bb locked=\u00bboff\u00bb global_colors_info=\u00bb{}\u00bb][\/et_pb_divider][et_pb_text _builder_version=\u00bb4.19.3&#8243; _module_preset=\u00bbdefault\u00bb text_font=\u00bbPoppins|600|||||||\u00bb text_font_size=\u00bb20px\u00bb text_line_height=\u00bb1.6em\u00bb custom_margin=\u00bb||||false|false\u00bb locked=\u00bboff\u00bb global_colors_info=\u00bb{}\u00bb]<\/p>\n<p><span style=\"color: #333333;\">CA LA ROSA es un proyecto que persigue un beneficio cultural y de reconocimiento de los artistas para que puedan desarrollar su oficio. Para ponerlo en marcha hace falta entusiasmo, dedicaci\u00f3n y tambi\u00e9n financiaci\u00f3n.<\/span><\/p>\n<p>[\/et_pb_text][\/et_pb_column][\/et_pb_row][et_pb_row column_structure=\u00bb1_2,1_2&#8243; _builder_version=\u00bb4.19.3&#8243; _module_preset=\u00bbdefault\u00bb custom_padding=\u00bb||32px||false|false\u00bb global_colors_info=\u00bb{}\u00bb][et_pb_column type=\u00bb1_2&#8243; _builder_version=\u00bb4.16&#8243; _module_preset=\u00bbdefault\u00bb global_colors_info=\u00bb{}\u00bb][et_pb_text _builder_version=\u00bb4.16&#8243; _module_preset=\u00bbdefault\u00bb text_font=\u00bbPoppins|300|||||||\u00bb text_font_size=\u00bb16px\u00bb text_line_height=\u00bb1.8em\u00bb width=\u00bb96%\u00bb max_width=\u00bb100%\u00bb custom_margin=\u00bb||||false|false\u00bb global_colors_info=\u00bb{}\u00bb]<\/p>\n<p><span style=\"color: #333333;\">Para iniciar la necesaria financiaci\u00f3n de este proyecto no lucrativo utilizaremos un <strong>crowdfunding o proyecto de mecenazgo.<\/strong><\/span><\/p>\n<p><span style=\"color: #333333;\">Con el mecenazgo queremos conseguir dos objetivos al mismo tiempo:<\/span><\/p>\n<p><span style=\"color: #333333;\"><\/span><\/p>\n<ul>\n<li><span style=\"color: #333333;\"><strong>Conseguir la colaboraci\u00f3n de personas interesadas en el arte y en nuestro proyecto e implicarlas en todo el proceso.<\/strong><\/span><\/li>\n<\/ul>\n<p>[\/et_pb_text][\/et_pb_column][et_pb_column type=\u00bb1_2&#8243; _builder_version=\u00bb4.16&#8243; _module_preset=\u00bbdefault\u00bb global_colors_info=\u00bb{}\u00bb][et_pb_text _builder_version=\u00bb4.16&#8243; _module_preset=\u00bbdefault\u00bb text_font=\u00bbPoppins|300|||||||\u00bb text_font_size=\u00bb16px\u00bb text_line_height=\u00bb1.8em\u00bb width=\u00bb96%\u00bb max_width=\u00bb100%\u00bb custom_margin=\u00bb||||false|false\u00bb global_colors_info=\u00bb{}\u00bb]<\/p>\n<ul>\n<li><span style=\"color: #333333;\"><strong>Recaudar fondos para poder iniciar el proyecto y poder planificar la fase final con mayores garant\u00edas para nuestros potenciales patrocinadores o colaboradores.<\/strong><\/span><\/li>\n<\/ul>\n<p><span style=\"color: #333333;\">Creemos que la campa\u00f1a tiene el potencial de llegar a muchas personas, lo que garantizar\u00e1 una buena difusi\u00f3n inicial del proyecto.<\/span><\/p>\n<p>[\/et_pb_text][\/et_pb_column][\/et_pb_row][et_pb_row _builder_version=\u00bb4.19.3&#8243; _module_preset=\u00bbdefault\u00bb custom_padding=\u00bb||15px|||\u00bb global_colors_info=\u00bb{}\u00bb][et_pb_column type=\u00bb4_4&#8243; _builder_version=\u00bb4.19.3&#8243; _module_preset=\u00bbdefault\u00bb global_colors_info=\u00bb{}\u00bb][et_pb_text _builder_version=\u00bb4.19.3&#8243; _module_preset=\u00bbdefault\u00bb custom_margin=\u00bb||0px||false|false\u00bb custom_padding=\u00bb15px||||false|false\u00bb locked=\u00bboff\u00bb global_colors_info=\u00bb{}\u00bb]<\/p>\n<h2><strong>RECOMPENSAS\u00a0<\/strong>PARA LOS PARTICIPANTES<\/h2>\n<p>[\/et_pb_text][et_pb_divider color=\u00bb#fdb467&#8243; divider_position=\u00bbcenter\u00bb divider_weight=\u00bb3px\u00bb _builder_version=\u00bb4.16&#8243; _module_preset=\u00bbdefault\u00bb max_width=\u00bb50px\u00bb module_alignment=\u00bbleft\u00bb animation_style=\u00bbslide\u00bb animation_direction=\u00bbtop\u00bb animation_intensity_slide=\u00bb10%\u00bb animation_starting_opacity=\u00bb100%\u00bb locked=\u00bboff\u00bb global_colors_info=\u00bb{}\u00bb][\/et_pb_divider][\/et_pb_column][\/et_pb_row][et_pb_row column_structure=\u00bb1_2,1_2&#8243; _builder_version=\u00bb4.16&#8243; _module_preset=\u00bbdefault\u00bb custom_padding=\u00bb0px||||false|false\u00bb locked=\u00bboff\u00bb global_colors_info=\u00bb{}\u00bb][et_pb_column type=\u00bb1_2&#8243; _builder_version=\u00bb4.16&#8243; _module_preset=\u00bbdefault\u00bb global_colors_info=\u00bb{}\u00bb][et_pb_text _builder_version=\u00bb4.19.3&#8243; _module_preset=\u00bbdefault\u00bb text_font=\u00bbPoppins|300|||||||\u00bb text_font_size=\u00bb16px\u00bb text_line_height=\u00bb1.8em\u00bb width=\u00bb96%\u00bb max_width=\u00bb100%\u00bb custom_margin=\u00bb||||false|false\u00bb global_colors_info=\u00bb{}\u00bb]<\/p>\n<p><span style=\"color: #333333;\"><strong>La recompensa principal<\/strong> para los participantes\/mecenas ser\u00e1 la <strong>colecci\u00f3n CA LA ROSA 2022,<\/strong> <strong>camisetas dise\u00f1adas por creadoras\/es que colaborar\u00e1n <\/strong>en el proyecto. La tem\u00e1tica con la que se estampar\u00e1n las camisetas tendr\u00e1 relaci\u00f3n directa con nuestro proyecto y su filosof\u00eda.<\/span><\/p>\n<p>[\/et_pb_text][\/et_pb_column][et_pb_column type=\u00bb1_2&#8243; _builder_version=\u00bb4.16&#8243; _module_preset=\u00bbdefault\u00bb global_colors_info=\u00bb{}\u00bb][et_pb_text _builder_version=\u00bb4.16&#8243; _module_preset=\u00bbdefault\u00bb text_font=\u00bbPoppins|300|||||||\u00bb text_font_size=\u00bb16px\u00bb text_line_height=\u00bb1.8em\u00bb width=\u00bb96%\u00bb max_width=\u00bb100%\u00bb custom_margin=\u00bb||||false|false\u00bb global_colors_info=\u00bb{}\u00bb]<\/p>\n<p><span style=\"color: #333333;\"><strong><em>Libro de otro. <\/em><\/strong><span>Se editar\u00e1 este fant\u00e1stico libro de artista de\u00a0<\/span><strong>Isidro Ferrer, <\/strong><span>con 43 ilustraciones impresas en serigraf\u00eda a 2 tintas planas. Se har\u00e1 una edici\u00f3n limitada, numerada y firmada por el propio autor.<\/span><\/span><\/p>\n<p>[\/et_pb_text][\/et_pb_column][\/et_pb_row][et_pb_row column_structure=\u00bb1_2,1_2&#8243; _builder_version=\u00bb4.16&#8243; custom_padding=\u00bb||15px|||\u00bb global_colors_info=\u00bb{}\u00bb][et_pb_column type=\u00bb1_2&#8243; _builder_version=\u00bb4.16&#8243; custom_padding=\u00bb|||\u00bb global_colors_info=\u00bb{}\u00bb custom_padding__hover=\u00bb|||\u00bb][et_pb_image src=\u00bbhttps:\/\/check.calarosa.org\/wp-content\/uploads\/2020\/04\/maqueta-figura-2.jpg\u00bb alt=\u00bbmaqueta-figura-check.calarosa.org\u00bb title_text=\u00bbmaqueta-figura-check.calarosa.org\u00bb _builder_version=\u00bb4.16&#8243; _module_preset=\u00bbdefault\u00bb width=\u00bb95%\u00bb global_colors_info=\u00bb{}\u00bb][\/et_pb_image][et_pb_text _builder_version=\u00bb4.19.3&#8243; _module_preset=\u00bbdefault\u00bb text_font_size=\u00bb12px\u00bb header_2_text_align=\u00bbcenter\u00bb header_2_font_size=\u00bb1.2em\u00bb background_color=\u00bb#f2f2f2&#8243; width=\u00bb95%\u00bb custom_margin=\u00bb15px||||false|false\u00bb custom_padding=\u00bb20px||10px||false|false\u00bb global_colors_info=\u00bb{}\u00bb]<\/p>\n<h2>Colecci\u00f3n CA LA ROSA 2022<\/h2>\n<p>[\/et_pb_text][\/et_pb_column][et_pb_column type=\u00bb1_2&#8243; _builder_version=\u00bb4.16&#8243; custom_padding=\u00bb|||\u00bb global_colors_info=\u00bb{}\u00bb custom_padding__hover=\u00bb|||\u00bb][et_pb_image src=\u00bbhttps:\/\/check.calarosa.org\/wp-content\/uploads\/2021\/07\/libro-otro-isidro-ferrer-check.calarosa.org_-600&#215;600-1.jpg\u00bb title_text=\u00bblibro-otro-isidro-ferrer-check.calarosa.org_-600&#215;600&#8243; _builder_version=\u00bb4.16&#8243; _module_preset=\u00bbdefault\u00bb width=\u00bb95%\u00bb global_colors_info=\u00bb{}\u00bb][\/et_pb_image][et_pb_text _builder_version=\u00bb4.19.3&#8243; _module_preset=\u00bbdefault\u00bb text_font_size=\u00bb12px\u00bb header_2_text_align=\u00bbcenter\u00bb header_2_font_size=\u00bb1.2em\u00bb background_color=\u00bb#f2f2f2&#8243; width=\u00bb95%\u00bb custom_margin=\u00bb15px||||false|false\u00bb custom_padding=\u00bb20px||10px||false|false\u00bb locked=\u00bboff\u00bb global_colors_info=\u00bb{}\u00bb]<\/p>\n<h2>Libro de otro<\/h2>\n<p>[\/et_pb_text][\/et_pb_column][\/et_pb_row][et_pb_row _builder_version=\u00bb4.19.3&#8243; _module_preset=\u00bbdefault\u00bb global_colors_info=\u00bb{}\u00bb][et_pb_column type=\u00bb4_4&#8243; _builder_version=\u00bb4.19.3&#8243; _module_preset=\u00bbdefault\u00bb global_colors_info=\u00bb{}\u00bb][et_pb_divider show_divider=\u00bboff\u00bb _builder_version=\u00bb4.19.3&#8243; _module_preset=\u00bbdefault\u00bb custom_padding=\u00bb||50px|||\u00bb global_colors_info=\u00bb{}\u00bb][\/et_pb_divider][\/et_pb_column][\/et_pb_row][\/et_pb_section]<\/p>\n","protected":false},"excerpt":{"rendered":"<p>CAMPA\u00d1A CROWDFUNDING CA LA ROSA es un proyecto que persigue un beneficio cultural y de reconocimiento de los artistas para que puedan desarrollar su oficio. Para ponerlo en marcha hace falta entusiasmo, dedicaci\u00f3n y tambi\u00e9n financiaci\u00f3n.Para iniciar la necesaria financiaci\u00f3n de este proyecto no lucrativo utilizaremos un crowdfunding o proyecto de mecenazgo. Con el mecenazgo [&hellip;]<\/p>\n","protected":false},"author":2,"featured_media":0,"parent":0,"menu_order":0,"comment_status":"closed","ping_status":"closed","template":"","meta":{"_et_pb_use_builder":"on","_et_pb_old_content":"<p>[vc_row][vc_column][vc_separator color=\"white\" border_width=\"10\"][vc_column_text]<\/p>\n<h2>Campa\u00f1a Crowdfunding<\/h2>\n<p>[\/vc_column_text][vc_separator color=\"white\" border_width=\"10\"][\/vc_column][\/vc_row][vc_row][vc_column width=\"1\/2\"][vc_column_text]Para iniciar la necesaria financiaci\u00f3n de este proyecto no lucrativo utilizaremos un\u00a0<strong>crowd<\/strong><strong>founding o proyecto de mecenazgo.<\/strong><\/p>\n<p>Con el mecenazgo queremos conseguir dos objetivos al mismo tiempo:<\/p>\n<ul>\n<li><strong>Conseguir la colaboraci\u00f3n de personas interesadas en el arte y en nuestro proyecto e implicarlas en todo el proceso.<\/strong><\/li>\n<li><strong>Recaudar fondos para poder iniciar el proyecto y poder planificar la fase final con mayor garant\u00edas para nuestros posibles patrocinadores o colaboradores.<\/strong><\/li>\n<\/ul>\n<p>[\/vc_column_text][\/vc_column][vc_column width=\"1\/2\"][vc_column_text]Calculamos que la campa\u00f1a puede llegar a muchas personas, que garantizar\u00e1 una buena difusi\u00f3n inicial del proyecto.<\/p>\n<p>Aunque algunos autores que participan en este proyecto, son colaboradores habituales de Apart Edicions, hemos invitado a otros creadores, para conseguir esta gran colecci\u00f3n de camisetas de autor.<\/p>\n<p>Los autores\/as colaboradores tendr\u00e1n a cambio prioridades y ventajas en utilizar y disponer de todos los servicios de este proyecto, con la intenci\u00f3n de que se sientan part\u00edcipes del mismo.[\/vc_column_text][\/vc_column][\/vc_row][vc_row][vc_column][vc_column_text]<\/p>\n<h3>Recompensas para los participantes<\/h3>\n<p>[\/vc_column_text][\/vc_column][\/vc_row][vc_row][vc_column width=\"1\/2\"][vc_column_text]<strong>La recompensa principal<\/strong> para los participantes\/mecenas ser\u00e1 la <strong>colecci\u00f3n CA LA ROSA 2020,<\/strong> <strong>camisetas dise\u00f1adas por creadoras\/es que colaborador\u00e1n <\/strong>en el proyecto. La tem\u00e1tica con que se estampar\u00e1n las camisetas tendr\u00e1 relaci\u00f3n directa con nuestro proyecto y su filosof\u00eda.[\/vc_column_text][vc_single_image image=\"1823\" img_size=\"600x600\" alignment=\"center\"][vc_btn title=\"Colecci\u00f3n CA LA ROSA 2020\" shape=\"square\" color=\"default\" align=\"center\" button_block=\"true\" custom_onclick=\"true\" link=\"url:https%3A%2F%2Fapartedicions.com%2Farte-como-oficio%2Fcoleccion-ca-la-rosa-2020%2F||target:%20_blank|\"][\/vc_column][vc_column width=\"1\/2\"][vc_column_text]<strong>Libro de otro<\/strong>, se editar\u00e1 este fant\u00e1stico libro de artista de <strong>Isidro Ferrer <\/strong>con 43 ilustraciones impresas en serigraf\u00eda a 2 tintas planas y se har\u00e1 una edici\u00f3n limitada, numerada y firmada por el propio autor.<br \/>\n[\/vc_column_text][vc_separator color=\"white\" border_width=\"10\"][vc_single_image image=\"1567\" img_size=\"600x600\"][vc_separator color=\"white\" border_width=\"10\"][vc_separator color=\"white\" border_width=\"10\"][vc_btn title=\"LIBRO DE OTRO - ver m\u00e1s\" shape=\"square\" color=\"default\" align=\"center\" button_block=\"true\" custom_onclick=\"true\" link=\"url:https%3A%2F%2Fapartedicions.com%2Farte-como-oficio%2Flibro-de-otro%2F|title:Libro%20de%20otro|target:%20_blank|\"][\/vc_column][\/vc_row]<\/p>\n","_et_gb_content_width":"","footnotes":""},"class_list":["post-56","page","type-page","status-publish","hentry"],"_links":{"self":[{"href":"https:\/\/check.calarosa.org\/es\/wp-json\/wp\/v2\/pages\/56","targetHints":{"allow":["GET"]}}],"collection":[{"href":"https:\/\/check.calarosa.org\/es\/wp-json\/wp\/v2\/pages"}],"about":[{"href":"https:\/\/check.calarosa.org\/es\/wp-json\/wp\/v2\/types\/page"}],"author":[{"embeddable":true,"href":"https:\/\/check.calarosa.org\/es\/wp-json\/wp\/v2\/users\/2"}],"replies":[{"embeddable":true,"href":"https:\/\/check.calarosa.org\/es\/wp-json\/wp\/v2\/comments?post=56"}],"version-history":[{"count":0,"href":"https:\/\/check.calarosa.org\/es\/wp-json\/wp\/v2\/pages\/56\/revisions"}],"wp:attachment":[{"href":"https:\/\/check.calarosa.org\/es\/wp-json\/wp\/v2\/media?parent=56"}],"curies":[{"name":"wp","href":"https:\/\/api.w.org\/{rel}","templated":true}]}}